{"id":24,"date":"2026-05-01T23:05:29","date_gmt":"2026-05-01T23:05:29","guid":{"rendered":"http:\/\/sarenne.com.tr\/product\/tek-tas-yuzuk\/"},"modified":"2026-05-01T23:05:29","modified_gmt":"2026-05-01T23:05:29","slug":"tek-tas-yuzuk","status":"publish","type":"product","link":"http:\/\/sarenne.com.tr\/product\/tek-tas-yuzuk\/","title":{"rendered":"Tek Ta\u015f Y\u00fcz\u00fck"},"content":{"rendered":"<p>Sarenne&#8217;in \u00f6zenle se\u00e7ilmi\u015f, g\u00fcnden geceye e\u015flik eden par\u00e7alar\u0131ndan biri. 925 ayar g\u00fcm\u00fc\u015f \u00fczerine 18K alt\u0131n kaplama. T\u00fcrkiye&#8217;de tasarlan\u0131r, at\u00f6lyede tek tek \u00fcretilir.<\/p>\n","protected":false},"excerpt":{"rendered":"<p>925 g\u00fcm\u00fc\u015f \u00b7 18K alt\u0131n kaplama \u00b7 El i\u015f\u00e7ili\u011fi.<\/p>\n","protected":false},"featured_media":0,"comment_status":"open","ping_status":"closed","template":"","meta":[],"product_brand":[],"product_cat":[18],"product_tag":[],"class_list":{"0":"post-24","1":"product","2":"type-product","3":"status-publish","5":"product_cat-yuzuk","7":"first","8":"instock","9":"shipping-taxable","10":"purchasable","11":"product-type-simple"},"_links":{"self":[{"href":"http:\/\/sarenne.com.tr\/wp-json\/wp\/v2\/product\/24","targetHints":{"allow":["GET"]}}],"collection":[{"href":"http:\/\/sarenne.com.tr\/wp-json\/wp\/v2\/product"}],"about":[{"href":"http:\/\/sarenne.com.tr\/wp-json\/wp\/v2\/types\/product"}],"replies":[{"embeddable":true,"href":"http:\/\/sarenne.com.tr\/wp-json\/wp\/v2\/comments?post=24"}],"wp:attachment":[{"href":"http:\/\/sarenne.com.tr\/wp-json\/wp\/v2\/media?parent=24"}],"wp:term":[{"taxonomy":"product_brand","embeddable":true,"href":"http:\/\/sarenne.com.tr\/wp-json\/wp\/v2\/product_brand?post=24"},{"taxonomy":"product_cat","embeddable":true,"href":"http:\/\/sarenne.com.tr\/wp-json\/wp\/v2\/product_cat?post=24"},{"taxonomy":"product_tag","embeddable":true,"href":"http:\/\/sarenne.com.tr\/wp-json\/wp\/v2\/product_tag?post=24"}],"curies":[{"name":"wp","href":"https:\/\/api.w.org\/{rel}","templated":true}]}}